{"id":1174,"date":"2021-10-08T19:42:49","date_gmt":"2021-10-08T19:42:49","guid":{"rendered":"https:\/\/mafran.es\/?page_id=1174"},"modified":"2021-10-09T10:41:25","modified_gmt":"2021-10-09T10:41:25","slug":"relatos","status":"publish","type":"page","link":"https:\/\/mafran.es\/en\/relatos\/","title":{"rendered":"Relatos"},"content":{"rendered":"<div id=\"pl-1174\"  class=\"panel-layout\" ><div id=\"pg-1174-0\"  class=\"panel-grid panel-no-style\" ><div id=\"pgc-1174-0-0\"  class=\"panel-grid-cell\" ><div id=\"panel-1174-0-0-0\" class=\"so-panel widget widget_sow-editor panel-first-child panel-last-child\" data-index=\"0\" ><div\n\t\t\t\n\t\t\tclass=\"so-widget-sow-editor so-widget-sow-editor-base\"\n\t\t\t\n\t\t>\n<div class=\"siteorigin-widget-tinymce textwidget\">\n\t<p><style type='text\/css' media='all'>#rt-tpg-container-3702177340 .rt-holder .rt-woo-info .price{color:#1e73be;}body .rt-tpg-container .rt-tpg-isotope-buttons .selected,\n\t\t\t\t\t#rt-tpg-container-3702177340 .layout12 .rt-holder:hover .rt-detail,\n\t\t\t\t\t#rt-tpg-container-3702177340 .isotope8 .rt-holder:hover .rt-detail,\n\t\t\t\t\t#rt-tpg-container-3702177340 .carousel8 .rt-holder:hover .rt-detail,\n\t\t\t\t\t#rt-tpg-container-3702177340 .layout13 .rt-holder .overlay .post-info,\n\t\t\t\t\t#rt-tpg-container-3702177340 .isotope9 .rt-holder .overlay .post-info,\n\t\t\t\t\t#rt-tpg-container-3702177340.rt-tpg-container .layout4 .rt-holder .rt-detail,\n\t\t\t\t\t.rt-modal-3702177340 .md-content,\n\t\t\t\t\t.rt-modal-3702177340 .md-content > .rt-md-content-holder .rt-md-content,\n\t\t\t\t\t.rt-popup-wrap-3702177340.rt-popup-wrap .rt-popup-navigation-wrap,\n\t\t\t\t\t#rt-tpg-container-3702177340 .carousel9 .rt-holder .overlay .post-info{background-color:#1e73be;}#rt-tpg-container-3702177340 .layout5 .rt-holder .overlay, #rt-tpg-container-3702177340 .isotope2 .rt-holder .overlay, #rt-tpg-container-3702177340 .carousel2 .rt-holder .overlay,#rt-tpg-container-3702177340 .layout15 .rt-holder h3, #rt-tpg-container-3702177340 .isotope11 .rt-holder h3, #rt-tpg-container-3702177340 .carousel11 .rt-holder h3, #rt-tpg-container-3702177340 .layout16 .rt-holder h3,\n\t\t\t\t\t#rt-tpg-container-3702177340 .isotope12 .rt-holder h3, #rt-tpg-container-3702177340 .carousel12 .rt-holder h3 {background-color:rgba(30,115,190,0.8);}#rt-tpg-container-3702177340 .pagination-list li a,\n\t\t\t\t\trt-tpg-container-3702177340 .pagination-list li span,\n\t\t\t\t\trt-tpg-container-3702177340 .pagination li a,\n\t\t\t\t\t#rt-tpg-container-3702177340 .rt-tpg-isotope-buttons button,\n\t\t\t\t\t#rt-tpg-container-3702177340 .rt-tpg-utility .rt-tpg-load-more button,\n\t\t\t\t\t#rt-tpg-container-3702177340.rt-tpg-container .swiper-navigation .slider-btn,\n\t\t\t\t\t#rt-tpg-container-3702177340.rt-tpg-container .swiper-pagination-bullet,\n\t\t\t\t\t#rt-tpg-container-3702177340 .wc1 .rt-holder .rt-img-holder .overlay .product-more ul li a,\n\t\t\t\t\t#rt-tpg-container-3702177340 .wc2 .rt-detail .rt-wc-add-to-cart,\n\t\t\t\t\t#rt-tpg-container-3702177340 .wc3 .rt-detail .rt-wc-add-to-cart,\n\t\t\t\t\t#rt-tpg-container-3702177340 .wc4 .rt-detail .rt-wc-add-to-cart,\n\t\t\t\t\t#rt-tpg-container-3702177340 .wc-carousel2 .rt-detail .rt-wc-add-to-cart,\n\t\t\t\t\t#rt-tpg-container-3702177340 .wc-isotope2 .rt-detail .rt-wc-add-to-cart,\n\t\t\t\t\t#rt-tpg-container-3702177340 .rt-layout-filter-container .rt-filter-wrap .rt-filter-item-wrap.rt-filter-dropdown-wrap .rt-filter-dropdown,\n\t\t\t\t\t#rt-tpg-container-3702177340 .rt-layout-filter-container .rt-filter-sub-tax.sub-button-group .rt-filter-button-item,\n\t\t\t\t\t#rt-tpg-container-3702177340.rt-tpg-container .rt-pagination-wrap .rt-page-numbers .paginationjs .paginationjs-pages ul li>a,\n\t\t\t\t\t#rt-tpg-container-3702177340 .rt-filter-item-wrap.rt-filter-button-wrap span.rt-filter-button-item,\n\t\t\t\t\t#rt-tpg-container-3702177340.rt-tpg-container .rt-pagination-wrap  .rt-loadmore-btn,\n\t\t\t\t\t#rt-tpg-container-3702177340.rt-tpg-container .rt-pagination-wrap .rt-cb-page-prev-next > *,\n\t\t\t\t\t#rt-tpg-container-3702177340 .rt-read-more,\n\t\t\t\t\t#rt-tooltip-3702177340, #rt-tooltip-3702177340 .rt-tooltip-bottom:after{background-color:#1e73be;}#rt-tpg-container-3702177340 .rt-filter-item-wrap.rt-filter-button-wrap span.rt-filter-button-item,\n\t\t\t\t\t#rt-tpg-container-3702177340 .rt-layout-filter-container .rt-filter-sub-tax.sub-button-group .rt-filter-button-item{border-color:#1e73be;}#rt-tpg-container-3702177340.rt-tpg-container .layout17 .rt-holder .overlay a.tpg-zoom .fa{color:#1e73be;}#rt-tpg-container-3702177340 .rt-holder .read-more a {background-color:#1e73be;padding: 8px 15px;}#rt-tpg-container-3702177340 .pagination li.active span,\n\t\t\t\t\t#rt-tpg-container-3702177340 .pagination-list li.active span,\n\t\t\t\t\t#rt-tpg-container-3702177340 .rt-tpg-isotope-buttons button.selected,\n\t\t\t\t\t#rt-tpg-container-3702177340 .rt-filter-item-wrap.rt-filter-button-wrap span.rt-filter-button-item.selected,\n\t\t\t\t\t#rt-tpg-container-3702177340 .rt-layout-filter-container .rt-filter-sub-tax.sub-button-group .rt-filter-button-item.selected,\n\t\t\t\t\t#rt-tpg-container-3702177340.rt-tpg-container .rt-pagination-wrap .rt-page-numbers .paginationjs .paginationjs-pages ul li.active>a,\n\t\t\t\t\t#rt-tpg-container-3702177340.rt-tpg-container .swiper-pagination-bullet.swiper-pagination-bullet-active-main{background-color:#ffffff;}#rt-tpg-container-3702177340 .rt-filter-item-wrap.rt-filter-button-wrap span.rt-filter-button-item.selected,\n\t\t\t\t\t#rt-tpg-container-3702177340 .rt-layout-filter-container .rt-filter-sub-tax.sub-button-group .rt-filter-button-item.selected,\n\t\t\t\t\t#rt-tpg-container-3702177340.rt-tpg-container .rt-pagination-wrap .rt-page-numbers .paginationjs .paginationjs-pages ul li.active>a{border-color:#ffffff;}#rt-tpg-container-3702177340 .pagination-list li a:hover,\n\t\t\t\t\t#rt-tpg-container-3702177340 .pagination li a:hover,\n\t\t\t\t\t#rt-tpg-container-3702177340 .rt-tpg-isotope-buttons button:hover,\n\t\t\t\t\t#rt-tpg-container-3702177340 .rt-holder .read-more a:hover,\n\t\t\t\t\t#rt-tpg-container-3702177340 .rt-tpg-utility .rt-tpg-load-more button:hover,\n\t\t\t\t\t#rt-tpg-container-3702177340.rt-tpg-container .swiper-pagination-bullet:hover,\n\t\t\t\t\t#rt-tpg-container-3702177340.rt-tpg-container .swiper-navigation .slider-btn:hover,\n\t\t\t\t\t#rt-tpg-container-3702177340 .wc1 .rt-holder .rt-img-holder .overlay .product-more ul li a:hover,\n\t\t\t\t\t#rt-tpg-container-3702177340 .wc2 .rt-detail .rt-wc-add-to-cart:hover,\n\t\t\t\t\t#rt-tpg-container-3702177340 .wc3 .rt-detail .rt-wc-add-to-cart:hover,\n\t\t\t\t\t#rt-tpg-container-3702177340 .wc4 .rt-detail .rt-wc-add-to-cart:hover,\n\t\t\t\t\t#rt-tpg-container-3702177340 .wc-carousel2 .rt-detail .rt-wc-add-to-cart:hover,\n\t\t\t\t\t#rt-tpg-container-3702177340 .wc-isotope2 .rt-detail .rt-wc-add-to-cart:hover,\n\t\t\t\t\t#rt-tpg-container-3702177340 .rt-layout-filter-container .rt-filter-wrap .rt-filter-item-wrap.rt-filter-dropdown-wrap .rt-filter-dropdown .rt-filter-dropdown-item:hover,\n\t\t\t\t\t#rt-tpg-container-3702177340 .rt-layout-filter-container .rt-filter-wrap .rt-filter-item-wrap.rt-filter-dropdown-wrap .rt-filter-dropdown .rt-filter-dropdown-item.selected,\n\t\t\t\t\t#rt-tpg-container-3702177340 .rt-filter-item-wrap.rt-filter-button-wrap span.rt-filter-button-item:hover,\n\t\t\t\t\t#rt-tpg-container-3702177340 .rt-layout-filter-container .rt-filter-sub-tax.sub-button-group .rt-filter-button-item:hover,\n\t\t\t\t\t#rt-tpg-container-3702177340.rt-tpg-container .rt-pagination-wrap .rt-page-numbers .paginationjs .paginationjs-pages ul li>a:hover,\n\t\t\t\t\t#rt-tpg-container-3702177340.rt-tpg-container .rt-pagination-wrap .rt-cb-page-prev-next > *:hover,\n\t\t\t\t\t#rt-tpg-container-3702177340.rt-tpg-container .rt-pagination-wrap  .rt-loadmore-btn:hover,\n\t\t\t\t\t#rt-tpg-container-3702177340 .rt-read-more:hover,\n\t\t\t\t\t#rt-tpg-container-3702177340 .rt-tpg-utility .rt-tpg-load-more button:hover{background-color:#ffffff;}#rt-tpg-container-3702177340 .rt-filter-item-wrap.rt-filter-button-wrap span.rt-filter-button-item:hover,\n\t\t\t\t\t\t#rt-tpg-container-3702177340 .rt-layout-filter-container .rt-filter-sub-tax.sub-button-group .rt-filter-button-item:hover,\n\t\t\t\t\t\t#rt-tpg-container-3702177340.rt-tpg-container .swiper-navigation .slider-btn:hover,\n\t\t\t\t\t\t#rt-tpg-container-3702177340.rt-tpg-container .rt-pagination-wrap .rt-page-numbers .paginationjs .paginationjs-pages ul li>a:hover{border-color:#ffffff;}#rt-tpg-container-3702177340.rt-tpg-container .layout17 .rt-holder .overlay a.tpg-zoom:hover .fa{color:#ffffff;}#rt-tpg-container-3702177340 .pagination-list li a,\n\t\t\t\t\t#rt-tpg-container-3702177340 .pagination li a,\n\t\t\t\t\t#rt-tpg-container-3702177340 .rt-tpg-isotope-buttons button,\n\t\t\t\t\t#rt-tpg-container-3702177340 .rt-holder .read-more a,\n\t\t\t\t\t#rt-tpg-container-3702177340 .rt-tpg-utility .rt-tpg-load-more button,\n\t\t\t\t\t#rt-tpg-container-3702177340.rt-tpg-container .swiper-navigation .slider-btn,\n\t\t\t\t\t#rt-tpg-container-3702177340 .wc1 .rt-holder .rt-img-holder .overlay .product-more ul li a,\n\t\t\t\t\t#rt-tpg-container-3702177340 .edd1 .rt-holder .rt-img-holder .overlay .product-more ul li a,\n\t\t\t\t\t#rt-tpg-container-3702177340 .wc2 .rt-detail .rt-wc-add-to-cart,\n\t\t\t\t\t#rt-tpg-container-3702177340 .wc3 .rt-detail .rt-wc-add-to-cart,\n\t\t\t\t\t#rt-tpg-container-3702177340 .edd2 .rt-detail .rt-wc-add-to-cart,\n\t\t\t\t\t#rt-tpg-container-3702177340 .wc4 .rt-detail .rt-wc-add-to-cart,\n\t\t\t\t\t#rt-tpg-container-3702177340 .edd3 .rt-detail .rt-wc-add-to-cart,\n\t\t\t\t\t#rt-tpg-container-3702177340 .wc-carousel2 .rt-detail .rt-wc-add-to-cart,\n\t\t\t\t\t#rt-tpg-container-3702177340 .wc-isotope2 .rt-detail .rt-wc-add-to-cart,\n\t\t\t\t\t#rt-tpg-container-3702177340 .rt-tpg-utility .rt-tpg-load-more button,\n\t\t\t\t\t#rt-tooltip-3702177340,\n\t\t\t\t\t#rt-tpg-container-3702177340 .rt-filter-item-wrap.rt-filter-button-wrap span.rt-filter-button-item,\n\t\t\t\t\t#rt-tpg-container-3702177340 .rt-layout-filter-container .rt-filter-sub-tax.sub-button-group .rt-filter-button-item,\n\t\t\t\t\t#rt-tpg-container-3702177340 .rt-layout-filter-container .rt-filter-wrap .rt-filter-item-wrap.rt-sort-order-action,\n\t\t\t\t\t#rt-tpg-container-3702177340 .rt-layout-filter-container .rt-filter-wrap .rt-filter-item-wrap.rt-filter-dropdown-wrap .rt-filter-dropdown .rt-filter-dropdown-item,\n\t\t\t\t\t#rt-tpg-container-3702177340.rt-tpg-container .rt-pagination-wrap .rt-page-numbers .paginationjs .paginationjs-pages ul li>a,\n\t\t\t\t\t#rt-tpg-container-3702177340.rt-tpg-container .rt-pagination-wrap .rt-cb-page-prev-next > *,\n\t\t\t\t\t#rt-tpg-container-3702177340.rt-tpg-container .rt-pagination-wrap  .rt-loadmore-btn,\n\t\t\t\t\t#rt-tpg-container-3702177340 .rt-read-more,\n\t\t\t\t\t#rt-tooltip-3702177340 .rt-tooltip-bottom:after{color:#ffffff;}#rt-tpg-container-3702177340 .rt-filter-item-wrap.rt-filter-button-wrap span.rt-filter-button-item:hover,\n\t\t\t\t\t#rt-tpg-container-3702177340 .rt-holder .read-more a:hover,\n\t\t\t\t\t#rt-tpg-container-3702177340.rt-tpg-container .swiper-navigation .slider-btn:hover,\n\t\t\t\t\t#rt-tpg-container-3702177340 .rt-layout-filter-container .rt-filter-sub-tax.sub-button-group .rt-filter-button-item:hover,\n\t\t\t\t\t#rt-tpg-container-3702177340 .rt-layout-filter-container .rt-filter-wrap .rt-filter-item-wrap.rt-filter-dropdown-wrap .rt-filter-dropdown .rt-filter-dropdown-item:hover,\n\t\t\t\t\t#rt-tpg-container-3702177340 .rt-layout-filter-container .rt-filter-wrap .rt-filter-item-wrap.rt-filter-dropdown-wrap .rt-filter-dropdown .rt-filter-dropdown-item.selected,\n\t\t\t\t\t#rt-tpg-container-3702177340 .rt-layout-filter-container .rt-filter-wrap .rt-filter-item-wrap.rt-sort-order-action:hover,\n\t\t\t\t\t#rt-tpg-container-3702177340.rt-tpg-container .rt-pagination-wrap .rt-page-numbers .paginationjs .paginationjs-pages ul li.active>a:hover,\n\t\t\t\t\t#rt-tpg-container-3702177340 .rt-filter-item-wrap.rt-filter-button-wrap span.rt-filter-button-item.selected,\n\t\t\t\t\t#rt-tpg-container-3702177340 .rt-layout-filter-container .rt-filter-wrap .rt-filter-item-wrap.rt-sort-order-action,\n\t\t\t\t\t#rt-tpg-container-3702177340.rt-tpg-container .rt-pagination-wrap  .rt-loadmore-btn:hover,\n\t\t\t\t\t#rt-tpg-container-3702177340 .rt-read-more:hover,\n\t\t\t\t\t#rt-tpg-container-3702177340.rt-tpg-container .rt-pagination-wrap .rt-page-numbers .paginationjs .paginationjs-pages ul li.active>a{color:#e0e0e0;}#rt-tpg-container-3702177340 .read-more a{border-radius:1px;}#rt-tpg-container-3702177340 .rt-img-holder img.rt-img-responsive,#rt-tpg-container-3702177340 .rt-img-holder,\n\t\t\t\t\t#rt-tpg-container-3702177340 .rt-post-overlay .post-img,\n\t\t\t\t\t#rt-tpg-container-3702177340 .post-sm .post-img,\n\t\t\t\t\t#rt-tpg-container-3702177340 .rt-post-grid .post-img,\n\t\t\t\t\t#rt-tpg-container-3702177340 .post-img img {border-radius:px;}#rt-tpg-container-3702177340 .layout2 .rt-holder h2.entry-title,\n\t\t\t\t\t#rt-tpg-container-3702177340 .layout2 .rt-holder h3.entry-title,\n\t\t\t\t\t#rt-tpg-container-3702177340 .layout2 .rt-holder h4.entry-title,\n\t\t\t\t\t#rt-tpg-container-3702177340 .layout2 .rt-holder h2.entry-title a,\n\t\t\t\t\t#rt-tpg-container-3702177340 .layout2 .rt-holder h3.entry-title a,\n\t\t\t\t\t#rt-tpg-container-3702177340 .layout2 .rt-holder h4.entry-title a,\n\t\t\t\t\t#rt-tpg-container-3702177340 .rt-holder .rt-woo-info h2 a,\n\t\t\t\t\t#rt-tpg-container-3702177340 .rt-holder .rt-woo-info h3 a,\n\t\t\t\t\t#rt-tpg-container-3702177340 .rt-holder .rt-woo-info h4 a,\n\t\t\t\t\t#rt-tpg-container-3702177340 .post-content .post-title,\n\t\t\t\t\t#rt-tpg-container-3702177340 .rt-post-grid .post-title,\n\t\t\t\t\t#rt-tpg-container-3702177340 .rt-post-grid .post-title a,\n\t\t\t\t\t#rt-tpg-container-3702177340 .post-content .post-title a,\n\t\t\t\t\t#rt-tpg-container-3702177340 .rt-holder .rt-woo-info h2,\n\t\t\t\t\t#rt-tpg-container-3702177340 .rt-holder .rt-woo-info h3,\n\t\t\t\t\t#rt-tpg-container-3702177340 .rt-holder .rt-woo-info h4{font-size:20px;line-height:30px;}#rt-tpg-container-3702177340 .post-grid-lg-style-1 .post-title,\n\t\t\t\t\t\t#rt-tpg-container-3702177340 .post-grid-lg-style-1 .post-title a,\n\t\t\t\t\t\t#rt-tpg-container-3702177340 .big-layout .post-title,\n\t\t\t\t\t\t#rt-tpg-container-3702177340 .big-layout .post-title a,\n\t\t\t\t\t\t#rt-tpg-container-3702177340 .post-grid-lg-style-1 .post-title,\n\t\t\t\t\t\t#rt-tpg-container-3702177340 .post-grid-lg-style-1 .post-title a {font-size:28px;line-height:38px;}<\/style>\n<div class='rt-container-fluid rt-tpg-container tpg-shortcode-main-wrapper' id='rt-tpg-container-3702177340'   data-layout='layout2' data-grid-style='even' data-desktop-col='1'  data-tab-col='1'  data-mobile-col='1' data-sc-id='280'>\n<div data-title='Loading ...' class='rt-row rt-content-loader   layout2 tpg-even'>\n<div class=\"rt-col-md-12 rt-col-sm-12 rt-col-xs-12 even-grid-item rt-grid-item\" data-id=\"1176\">\n<div class=\"rt-holder\">\n<div class=\"rt-row\">\n<div class='rt-col-sm-3 rt-col-xs-12'>\n<div class=\"rt-img-holder\"><a data-id='1176' class='' href='https:\/\/mafran.es\/en\/mi-turno\/'><img loading=\"lazy\" decoding=\"async\" width=\"600\" height=\"400\" src=\"https:\/\/mafran.es\/wp-content\/uploads\/2021\/10\/sutterlin-g09cbe656a_1920-600x400.jpg\" class=\"rt-img-responsive\" alt=\"\" \/><\/a><\/div>\n<\/div>\n<div class='rt-col-sm-9 rt-col-xs-12'>\n<div class='rt-detail'>\n<h2 class=\"entry-title\"><a data-id=\"1176\" class=\"\" href=\"https:\/\/mafran.es\/en\/mi-turno\/\">Mi Turno<\/a><\/h2>\n<div class='post-meta-user'><span class='date-meta'><i class='far fa-calendar-alt'><\/i>October 8, 2021<\/span><span class='author'><i class='fa fa-user'><\/i><a href=\"https:\/\/mafran.es\/en\/author\/mafran\/\">mafran<\/a><\/span><span class='categories-links'><i class='fas fa-folder-open'><\/i><a class=\"relato\" href=\"https:\/\/mafran.es\/en\/category\/relato\/\" rel=\"tag\">Relato<\/a><\/span><span class=\"comment-count\"><i class='fas fa-comments'><\/i><a href='https:\/\/mafran.es\/en\/mi-turno\/#respond'>(0) <\/a><\/span><\/div>\n<div class='tpg-excerpt'>Aquella casa me hab\u00eda llamado la atenci\u00f3n desde ni\u00f1o, cuando la ve\u00eda al pasar. Ya estaba abandonada entonces. Qui\u00e9n me___<\/div>\n<p><span class='read-more left'><a data-id='1176' class='' href='https:\/\/mafran.es\/en\/mi-turno\/'>Leer M\u00e1s<\/a><\/span><\/div>\n<\/div>\n<\/div>\n<\/div>\n<\/div>\n<div class=\"rt-col-md-12 rt-col-sm-12 rt-col-xs-12 even-grid-item rt-grid-item\" data-id=\"1221\">\n<div class=\"rt-holder\">\n<div class=\"rt-row\">\n<div class='rt-col-sm-3 rt-col-xs-12'>\n<div class=\"rt-img-holder\"><a data-id='1221' class='' href='https:\/\/mafran.es\/en\/olor-a-sal\/'><img loading=\"lazy\" decoding=\"async\" width=\"600\" height=\"400\" src=\"https:\/\/mafran.es\/wp-content\/uploads\/2021\/10\/ocean-g92f90dd27_1920-600x400.jpg\" class=\"rt-img-responsive\" alt=\"\" \/><\/a><\/div>\n<\/div>\n<div class='rt-col-sm-9 rt-col-xs-12'>\n<div class='rt-detail'>\n<h2 class=\"entry-title\"><a data-id=\"1221\" class=\"\" href=\"https:\/\/mafran.es\/en\/olor-a-sal\/\">Olor a Sal<\/a><\/h2>\n<div class='post-meta-user'><span class='date-meta'><i class='far fa-calendar-alt'><\/i>September 30, 2021<\/span><span class='author'><i class='fa fa-user'><\/i><a href=\"https:\/\/mafran.es\/en\/author\/mafran\/\">mafran<\/a><\/span><span class='categories-links'><i class='fas fa-folder-open'><\/i><a class=\"relato\" href=\"https:\/\/mafran.es\/en\/category\/relato\/\" rel=\"tag\">Relato<\/a><\/span><span class=\"comment-count\"><i class='fas fa-comments'><\/i><a href='https:\/\/mafran.es\/en\/olor-a-sal\/#respond'>(0) <\/a><\/span><\/div>\n<div class='tpg-excerpt'>Relato presentado al II Concurso de Microrrelatos \u00abDon Quijote y los molinos de viento de la Bah\u00eda\u00bb. Premiado con el___<\/div>\n<p><span class='read-more left'><a data-id='1221' class='' href='https:\/\/mafran.es\/en\/olor-a-sal\/'>Leer M\u00e1s<\/a><\/span><\/div>\n<\/div>\n<\/div>\n<\/div>\n<\/div>\n<div class=\"rt-col-md-12 rt-col-sm-12 rt-col-xs-12 even-grid-item rt-grid-item\" data-id=\"1236\">\n<div class=\"rt-holder\">\n<div class=\"rt-row\">\n<div class='rt-col-sm-3 rt-col-xs-12'>\n<div class=\"rt-img-holder\"><a data-id='1236' class='' href='https:\/\/mafran.es\/en\/luz-del-caos\/'><img loading=\"lazy\" decoding=\"async\" width=\"600\" height=\"400\" src=\"https:\/\/mafran.es\/wp-content\/uploads\/2021\/10\/bacteria-g499e220f2_1920-600x400.jpg\" class=\"rt-img-responsive\" alt=\"\" \/><\/a><\/div>\n<\/div>\n<div class='rt-col-sm-9 rt-col-xs-12'>\n<div class='rt-detail'>\n<h2 class=\"entry-title\"><a data-id=\"1236\" class=\"\" href=\"https:\/\/mafran.es\/en\/luz-del-caos\/\">Luz del Caos<\/a><\/h2>\n<div class='post-meta-user'><span class='date-meta'><i class='far fa-calendar-alt'><\/i>November 3, 2020<\/span><span class='author'><i class='fa fa-user'><\/i><a href=\"https:\/\/mafran.es\/en\/author\/mafran\/\">mafran<\/a><\/span><span class='categories-links'><i class='fas fa-folder-open'><\/i><a class=\"relato\" href=\"https:\/\/mafran.es\/en\/category\/relato\/\" rel=\"tag\">Relato<\/a><\/span><span class=\"comment-count\"><i class='fas fa-comments'><\/i><a href='https:\/\/mafran.es\/en\/luz-del-caos\/#respond'>(0) <\/a><\/span><\/div>\n<div class='tpg-excerpt'>Microrrelato presentado al concurso de Microrrelatos Cient\u00edficos de la Fundaci\u00f3n Aquae en 2020. No obtuvo premio. El___<\/div>\n<p><span class='read-more left'><a data-id='1236' class='' href='https:\/\/mafran.es\/en\/luz-del-caos\/'>Leer M\u00e1s<\/a><\/span><\/div>\n<\/div>\n<\/div>\n<\/div>\n<\/div>\n<div class=\"rt-col-md-12 rt-col-sm-12 rt-col-xs-12 even-grid-item rt-grid-item\" data-id=\"1224\">\n<div class=\"rt-holder\">\n<div class=\"rt-row\">\n<div class='rt-col-sm-3 rt-col-xs-12'>\n<div class=\"rt-img-holder\"><a data-id='1224' class='' href='https:\/\/mafran.es\/en\/perdicion\/'><img loading=\"lazy\" decoding=\"async\" width=\"600\" height=\"400\" src=\"https:\/\/mafran.es\/wp-content\/uploads\/2021\/10\/ocean-g4e0c4b618_1920-600x400.jpg\" class=\"rt-img-responsive\" alt=\"\" \/><\/a><\/div>\n<\/div>\n<div class='rt-col-sm-9 rt-col-xs-12'>\n<div class='rt-detail'>\n<h2 class=\"entry-title\"><a data-id=\"1224\" class=\"\" href=\"https:\/\/mafran.es\/en\/perdicion\/\">Perdici\u00f3n<\/a><\/h2>\n<div class='post-meta-user'><span class='date-meta'><i class='far fa-calendar-alt'><\/i>November 2, 2020<\/span><span class='author'><i class='fa fa-user'><\/i><a href=\"https:\/\/mafran.es\/en\/author\/mafran\/\">mafran<\/a><\/span><span class='categories-links'><i class='fas fa-folder-open'><\/i><a class=\"relato\" href=\"https:\/\/mafran.es\/en\/category\/relato\/\" rel=\"tag\">Relato<\/a><\/span><span class=\"comment-count\"><i class='fas fa-comments'><\/i><a href='https:\/\/mafran.es\/en\/perdicion\/#respond'>(0) <\/a><\/span><\/div>\n<div class='tpg-excerpt'>Microrrelato presentado al concurso de Microrrelatos Cient\u00edficos de la Fundaci\u00f3n Aquae en 2020. No obtuvo premio___<\/div>\n<p><span class='read-more left'><a data-id='1224' class='' href='https:\/\/mafran.es\/en\/perdicion\/'>Leer M\u00e1s<\/a><\/span><\/div>\n<\/div>\n<\/div>\n<\/div>\n<\/div>\n<\/div>\n<\/div>\n<\/div>\n<\/div><\/div><\/div><\/div><\/div>","protected":false},"excerpt":{"rendered":"","protected":false},"author":1,"featured_media":1181,"parent":0,"menu_order":0,"comment_status":"closed","ping_status":"closed","template":"","meta":{"footnotes":""},"class_list":["post-1174","page","type-page","status-publish","has-post-thumbnail","hentry"],"rttpg_featured_image_url":{"full":["https:\/\/mafran.es\/wp-content\/uploads\/2021\/10\/books-g48774b59a_1920.jpg",1920,1080,false],"landscape":["https:\/\/mafran.es\/wp-content\/uploads\/2021\/10\/books-g48774b59a_1920.jpg",1920,1080,false],"portraits":["https:\/\/mafran.es\/wp-content\/uploads\/2021\/10\/books-g48774b59a_1920.jpg",1920,1080,false],"thumbnail":["https:\/\/mafran.es\/wp-content\/uploads\/2021\/10\/books-g48774b59a_1920-500x280.jpg",500,280,true],"medium":["https:\/\/mafran.es\/wp-content\/uploads\/2021\/10\/books-g48774b59a_1920-649x365.jpg",649,365,true],"large":["https:\/\/mafran.es\/wp-content\/uploads\/2021\/10\/books-g48774b59a_1920-840x473.jpg",640,360,true],"folio":["https:\/\/mafran.es\/wp-content\/uploads\/2021\/10\/books-g48774b59a_1920-600x400.jpg",600,400,true],"1536x1536":["https:\/\/mafran.es\/wp-content\/uploads\/2021\/10\/books-g48774b59a_1920-1536x864.jpg",1536,864,true],"2048x2048":["https:\/\/mafran.es\/wp-content\/uploads\/2021\/10\/books-g48774b59a_1920.jpg",1920,1080,false],"trp-custom-language-flag":["https:\/\/mafran.es\/wp-content\/uploads\/2021\/10\/books-g48774b59a_1920.jpg",18,10,false],"post-thumbnail":["https:\/\/mafran.es\/wp-content\/uploads\/2021\/10\/books-g48774b59a_1920-240x172.jpg",240,172,true],"sow-carousel-default":["https:\/\/mafran.es\/wp-content\/uploads\/2021\/10\/books-g48774b59a_1920-272x182.jpg",272,182,true]},"rttpg_author":{"display_name":"mafran","author_link":"https:\/\/mafran.es\/en\/author\/mafran\/"},"rttpg_comment":0,"rttpg_category":"","rttpg_excerpt":null,"_links":{"self":[{"href":"https:\/\/mafran.es\/en\/wp-json\/wp\/v2\/pages\/1174","targetHints":{"allow":["GET"]}}],"collection":[{"href":"https:\/\/mafran.es\/en\/wp-json\/wp\/v2\/pages"}],"about":[{"href":"https:\/\/mafran.es\/en\/wp-json\/wp\/v2\/types\/page"}],"author":[{"embeddable":true,"href":"https:\/\/mafran.es\/en\/wp-json\/wp\/v2\/users\/1"}],"replies":[{"embeddable":true,"href":"https:\/\/mafran.es\/en\/wp-json\/wp\/v2\/comments?post=1174"}],"version-history":[{"count":5,"href":"https:\/\/mafran.es\/en\/wp-json\/wp\/v2\/pages\/1174\/revisions"}],"predecessor-version":[{"id":1220,"href":"https:\/\/mafran.es\/en\/wp-json\/wp\/v2\/pages\/1174\/revisions\/1220"}],"wp:featuredmedia":[{"embeddable":true,"href":"https:\/\/mafran.es\/en\/wp-json\/wp\/v2\/media\/1181"}],"wp:attachment":[{"href":"https:\/\/mafran.es\/en\/wp-json\/wp\/v2\/media?parent=1174"}],"curies":[{"name":"wp","href":"https:\/\/api.w.org\/{rel}","templated":true}]}}